{"id":20,"date":"2020-11-13T08:42:16","date_gmt":"2020-11-13T08:42:16","guid":{"rendered":"https:\/\/www.hotel-ulli.at\/impressum\/"},"modified":"2026-03-18T09:44:10","modified_gmt":"2026-03-18T09:44:10","slug":"impressum","status":"publish","type":"page","link":"https:\/\/www.hotel-ulli.at\/de\/impressum\/","title":{"rendered":"Impressum"},"content":{"rendered":"\n<table id=\"tablepress-68\" class=\"tablepress tablepress-id-68 tablepress-responsive\">\n<thead>\n<tr class=\"row-1\">\n\t<th class=\"column-1\">Rechtsform:<\/th><th class=\"column-2\">Gesellschaft mit beschr\u00e4nkter Haftung<\/th>\n<\/tr>\n<\/thead>\n<tbody class=\"row-striping row-hover\">\n<tr class=\"row-2\">\n\t<td class=\"column-1\">Firmenname:<\/td><td class=\"column-2\">Hotel Ulli Gesellschaft m.b.H.<\/td>\n<\/tr>\n<tr class=\"row-3\">\n\t<td class=\"column-1\">Gesch\u00e4ftsf\u00fchrer:<\/td><td class=\"column-2\">Dr. Stefan M\u00fcller, Lukas M\u00fcller, MSc<\/td>\n<\/tr>\n<tr class=\"row-4\">\n\t<td class=\"column-1\">Adresse:<\/td><td class=\"column-2\">Haus Nr 264, 6763 Z\u00fcrs\/\u00d6sterreich<\/td>\n<\/tr>\n<tr class=\"row-5\">\n\t<td class=\"column-1\">E-Mail:<\/td><td class=\"column-2\">direktion@hotel-ulli.at<\/td>\n<\/tr>\n<tr class=\"row-6\">\n\t<td class=\"column-1\">Telefon-Nr.:<\/td><td class=\"column-2\">+43 5583 2600-0<\/td>\n<\/tr>\n<tr class=\"row-7\">\n\t<td class=\"column-1\">Web:<\/td><td class=\"column-2\">www.hotel-ulli.at<\/td>\n<\/tr>\n<tr class=\"row-8\">\n\t<td class=\"column-1\">Firmenbuchnummer:<\/td><td class=\"column-2\">FN 170770h<\/td>\n<\/tr>\n<tr class=\"row-9\">\n\t<td class=\"column-1\">Firmenbuchgericht:<\/td><td class=\"column-2\">Feldkirch<\/td>\n<\/tr>\n<tr class=\"row-10\">\n\t<td class=\"column-1\">Aufsichtsbeh\u00f6rde:<\/td><td class=\"column-2\">Bezirkshauptmannschaft Bludenz<\/td>\n<\/tr>\n<tr class=\"row-11\">\n\t<td class=\"column-1\">Mitgliedschaft:<\/td><td class=\"column-2\">WKO, \u00d6HV<\/td>\n<\/tr>\n<tr class=\"row-12\">\n\t<td class=\"column-1\">UID- Nummer:<\/td><td class=\"column-2\">ATU 45081405<\/td>\n<\/tr>\n<\/tbody>\n<\/table>\n<!-- #tablepress-68 from cache -->\n<p>Trotz sorgf\u00e4ltiger inhaltlicher Kontrolle \u00fcbernehmen wird keine Haftung f\u00fcr den Inhalt externer Links. F\u00fcr den Inhalt der verlinkten Seiten sind ausschlie\u00dflich deren Betreiber verantwortlich.<\/p>\n<h4>Bildcredits<\/h4>\n<ul>\n<li>Startseite Bild Omeshorn: LechZuersTourismus \u2013 Daniel Zangerl<\/li>\n<li>Startseite Oberlechgondel: LechZuersTourismus &#8211; Daniel Zangerl<\/li>\n<li>Seite Angebote Titelbilder von Daniel Zangerl und Alex Kaiser &#8211; LechZuersTourismus<\/li>\n<li>Angebote\n<ul>\n<li>Adventangebote: Bild 2 von Daniel Zangerl \/ LechZuersTourismus<\/li>\n<li>Ulli Skiwoche: Bild 1 von Daniel Zangerl \/ LechZuersTourismus<\/li>\n<li>Familienzeit: Bild 1 von Daniel Zangerl \/ LechZuersTourismus<\/li>\n<li>Tourentage: Bild 2 von Daniel Zangerl \/ Bild 3 von Hans Wiesenhofer \/ LechZuersTourismus<\/li>\n<li>Ostern: Bild 3 von Daniel Zangerl \/ LechZuersTourismus<\/li>\n<li>Springbreak: Bild 1 von Sepp Malaun \/ LechZuersTourismus<\/li>\n<\/ul>\n<\/li>\n<li>Winteraktivit\u00e4ten: Heliskiing by Wucher Helicopter \/ LechZuersTourismus<\/li>\n<li>Winteraktivit\u00e4ten: Skifahren &amp; Snowboarden unten: Daniel Zangerl \/ LechZuersTourismus<\/li>\n<li>Skifahren &amp; Snowboarden: Daniel Zangerl, Christoph Sch\u00f6ch, Sepp Mallaun \/ Lech Zuers Tourismus<\/li>\n<li>Winteraktivit\u00e4ten > Heliskiing: Wucher Helikopter<\/li>\n<li>Blogbeitr\u00e4ge: LechZuersTourismus, skiarlberg<\/li>\n<\/ul>\n<h4>Webcam<\/h4>\n<p>Ski-Z\u00fcrs-AG: https:\/\/www.ski-zuers.at\/<\/p>\n<h3>Internetl\u00f6sung<\/h3>\n<figure><a href=\"https:\/\/www.creativemedia.li\/\" target=\"_blank\" rel=\"noopener\"><img decoding=\"async\" src=\"https:\/\/www.hotel-ulli.at\/wp-content\/uploads\/2021\/03\/logo-creativemedia-ag.png\" alt=\"\"\/><\/a><\/figure>\n<p>creativemedia AG<br \/>Im alten Riet 153<br \/>9494 Schaan<br \/>Liechtenstein<br \/><a href=\"https:\/\/www.creativemedia.li\/\" target=\"_blank\" rel=\"noreferrer noopener\">www.creativemedia.li<\/a><\/p>\n","protected":false},"excerpt":{"rendered":"<p>Trotz sorgf\u00e4ltiger inhaltlicher Kontrolle \u00fcbernehmen wird keine Haftung f\u00fcr den Inhalt externer Links. F\u00fcr den Inhalt der verlinkten Seiten sind ausschlie\u00dflich deren Betreiber verantwortlich. Bildcredits Startseite Bild Omeshorn: LechZuersTourismus \u2013 Daniel Zangerl Startseite Oberlechgondel: LechZuersTourismus &#8211; Daniel Zangerl Seite Angebote Titelbilder von Daniel Zangerl und Alex Kaiser &#8211; LechZuersTourismus Angebote Adventangebote: Bild 2 von Daniel [&hellip;]<\/p>\n","protected":false},"author":1,"featured_media":0,"parent":0,"menu_order":8,"comment_status":"closed","ping_status":"closed","template":"","meta":{"_acf_changed":false,"_seopress_robots_primary_cat":"","_seopress_titles_title":"","_seopress_titles_desc":"","_seopress_robots_index":"yes","site-sidebar-layout":"default","site-content-layout":"content-boxed-container","ast-site-content-layout":"normal-width-container","site-content-style":"boxed","site-sidebar-style":"unboxed","ast-global-header-display":"","ast-banner-title-visibility":"","ast-main-header-display":"","ast-hfb-above-header-display":"","ast-hfb-below-header-display":"","ast-hfb-mobile-header-display":"","site-post-title":"","ast-breadcrumbs-content":"","ast-featured-img":"","footer-sml-layout":"","ast-disable-related-posts":"","theme-transparent-header-meta":"default","adv-header-id-meta":"","stick-header-meta":"","header-above-stick-meta":"","header-main-stick-meta":"","header-below-stick-meta":"","astra-migrate-meta-layouts":"set","ast-page-background-enabled":"default","ast-page-background-meta":{"desktop":{"background-color":"","background-image":"","background-repeat":"repeat","background-position":"center center","background-size":"auto","background-attachment":"scroll","background-type":"","background-media":"","overlay-type":"","overlay-color":"","overlay-opacity":"","overlay-gradient":""},"tablet":{"background-color":"","background-image":"","background-repeat":"repeat","background-position":"center center","background-size":"auto","background-attachment":"scroll","background-type":"","background-media":"","overlay-type":"","overlay-color":"","overlay-opacity":"","overlay-gradient":""},"mobile":{"background-color":"","background-image":"","background-repeat":"repeat","background-position":"center center","background-size":"auto","background-attachment":"scroll","background-type":"","background-media":"","overlay-type":"","overlay-color":"","overlay-opacity":"","overlay-gradient":""}},"ast-content-background-meta":{"desktop":{"background-color":"var(--ast-global-color-5)","background-image":"","background-repeat":"repeat","background-position":"center center","background-size":"auto","background-attachment":"scroll","background-type":"","background-media":"","overlay-type":"","overlay-color":"","overlay-opacity":"","overlay-gradient":""},"tablet":{"background-color":"var(--ast-global-color-5)","background-image":"","background-repeat":"repeat","background-position":"center center","background-size":"auto","background-attachment":"scroll","background-type":"","background-media":"","overlay-type":"","overlay-color":"","overlay-opacity":"","overlay-gradient":""},"mobile":{"background-color":"var(--ast-global-color-5)","background-image":"","background-repeat":"repeat","background-position":"center center","background-size":"auto","background-attachment":"scroll","background-type":"","background-media":"","overlay-type":"","overlay-color":"","overlay-opacity":"","overlay-gradient":""}},"footnotes":""},"class_list":["post-20","page","type-page","status-publish","hentry"],"acf":[],"_links":{"self":[{"href":"https:\/\/www.hotel-ulli.at\/de\/wp-json\/wp\/v2\/pages\/20","targetHints":{"allow":["GET"]}}],"collection":[{"href":"https:\/\/www.hotel-ulli.at\/de\/wp-json\/wp\/v2\/pages"}],"about":[{"href":"https:\/\/www.hotel-ulli.at\/de\/wp-json\/wp\/v2\/types\/page"}],"author":[{"embeddable":true,"href":"https:\/\/www.hotel-ulli.at\/de\/wp-json\/wp\/v2\/users\/1"}],"replies":[{"embeddable":true,"href":"https:\/\/www.hotel-ulli.at\/de\/wp-json\/wp\/v2\/comments?post=20"}],"version-history":[{"count":7,"href":"https:\/\/www.hotel-ulli.at\/de\/wp-json\/wp\/v2\/pages\/20\/revisions"}],"predecessor-version":[{"id":14331,"href":"https:\/\/www.hotel-ulli.at\/de\/wp-json\/wp\/v2\/pages\/20\/revisions\/14331"}],"wp:attachment":[{"href":"https:\/\/www.hotel-ulli.at\/de\/wp-json\/wp\/v2\/media?parent=20"}],"curies":[{"name":"wp","href":"https:\/\/api.w.org\/{rel}","templated":true}]}}