{"id":2690,"date":"2021-01-25T10:02:34","date_gmt":"2021-01-25T10:02:34","guid":{"rendered":"https:\/\/www.hotel-ulli.at\/?page_id=2690"},"modified":"2025-06-07T17:49:51","modified_gmt":"2025-06-07T17:49:51","slug":"inklusivleistungen","status":"publish","type":"page","link":"https:\/\/www.hotel-ulli.at\/de\/zimmer-preise\/inklusivleistungen\/","title":{"rendered":"Inklusivleistungen"},"content":{"rendered":"\t\t<div data-elementor-type=\"wp-page\" data-elementor-id=\"2690\" class=\"elementor elementor-2690\" data-elementor-post-type=\"page\">\n\t\t\t\t\t\t<section class=\"ob-is-breaking-bad elementor-section elementor-top-section elementor-element elementor-element-2d0e97f elementor-section-boxed elementor-section-height-default elementor-section-height-default\" data-id=\"2d0e97f\" data-element_type=\"section\" data-e-type=\"section\" data-settings=\"{&quot;_ob_bbad_use_it&quot;:&quot;yes&quot;,&quot;_ob_bbad_sssic_use&quot;:&quot;no&quot;,&quot;_ob_glider_is_slider&quot;:&quot;no&quot;}\">\n\t\t\t\t\t\t<div class=\"elementor-container elementor-column-gap-wide\">\n\t\t\t\t\t<div class=\"elementor-column elementor-col-25 elementor-top-column elementor-element elementor-element-65e8c5b\" data-id=\"65e8c5b\" data-element_type=\"column\" data-e-type=\"column\" data-settings=\"{&quot;_ob_bbad_is_stalker&quot;:&quot;no&quot;,&quot;_ob_teleporter_use&quot;:false,&quot;_ob_column_hoveranimator&quot;:&quot;no&quot;,&quot;_ob_column_has_pseudo&quot;:&quot;no&quot;}\">\n\t\t\t<div class=\"elementor-widget-wrap elementor-element-populated\">\n\t\t\t\t\t\t<div class=\"elementor-element elementor-element-b116fff h3look ob-harakiri-inherit ob-has-background-overlay elementor-widget elementor-widget-heading\" data-id=\"b116fff\" data-element_type=\"widget\" data-e-type=\"widget\" data-settings=\"{&quot;_ob_use_harakiri&quot;:&quot;yes&quot;,&quot;_ob_harakiri_writing_mode&quot;:&quot;inherit&quot;,&quot;_ob_harakiri_text_clip&quot;:&quot;none&quot;,&quot;_ob_perspektive_use&quot;:&quot;no&quot;,&quot;_ob_poopart_use&quot;:&quot;yes&quot;,&quot;_ob_shadough_use&quot;:&quot;no&quot;,&quot;_ob_allow_hoveranimator&quot;:&quot;no&quot;,&quot;_ob_widget_stalker_use&quot;:&quot;no&quot;}\" data-widget_type=\"heading.default\">\n\t\t\t\t<div class=\"elementor-widget-container\">\n\t\t\t\t\t<p class=\"elementor-heading-title elementor-size-default\">Mehrwert, der begeistert<\/p>\t\t\t\t<\/div>\n\t\t\t\t<\/div>\n\t\t\t\t<div class=\"elementor-element elementor-element-9017ec8 lined ob-harakiri-inherit ob-has-background-overlay elementor-widget elementor-widget-heading\" data-id=\"9017ec8\" data-element_type=\"widget\" data-e-type=\"widget\" data-settings=\"{&quot;_ob_use_harakiri&quot;:&quot;yes&quot;,&quot;_ob_harakiri_writing_mode&quot;:&quot;inherit&quot;,&quot;_ob_harakiri_text_clip&quot;:&quot;none&quot;,&quot;_ob_perspektive_use&quot;:&quot;no&quot;,&quot;_ob_poopart_use&quot;:&quot;yes&quot;,&quot;_ob_shadough_use&quot;:&quot;no&quot;,&quot;_ob_allow_hoveranimator&quot;:&quot;no&quot;,&quot;_ob_widget_stalker_use&quot;:&quot;no&quot;}\" data-widget_type=\"heading.default\">\n\t\t\t\t<div class=\"elementor-widget-container\">\n\t\t\t\t\t<h1 class=\"elementor-heading-title elementor-size-default\">Inklusivleistungen<\/h1>\t\t\t\t<\/div>\n\t\t\t\t<\/div>\n\t\t\t\t\t<\/div>\n\t\t<\/div>\n\t\t\t\t<div class=\"elementor-column elementor-col-25 elementor-top-column elementor-element elementor-element-716ffca\" data-id=\"716ffca\" data-element_type=\"column\" data-e-type=\"column\" data-settings=\"{&quot;_ob_bbad_is_stalker&quot;:&quot;no&quot;,&quot;_ob_teleporter_use&quot;:false,&quot;_ob_column_hoveranimator&quot;:&quot;no&quot;,&quot;_ob_column_has_pseudo&quot;:&quot;no&quot;}\">\n\t\t\t<div class=\"elementor-widget-wrap elementor-element-populated\">\n\t\t\t\t\t\t<div class=\"elementor-element elementor-element-b5133ea ob-harakiri-inherit ob-has-background-overlay elementor-widget elementor-widget-text-editor\" data-id=\"b5133ea\" data-element_type=\"widget\" data-e-type=\"widget\" data-settings=\"{&quot;_ob_use_harakiri&quot;:&quot;yes&quot;,&quot;_ob_harakiri_writing_mode&quot;:&quot;inherit&quot;,&quot;_ob_postman_use&quot;:&quot;no&quot;,&quot;_ob_perspektive_use&quot;:&quot;no&quot;,&quot;_ob_poopart_use&quot;:&quot;yes&quot;,&quot;_ob_shadough_use&quot;:&quot;no&quot;,&quot;_ob_allow_hoveranimator&quot;:&quot;no&quot;,&quot;_ob_widget_stalker_use&quot;:&quot;no&quot;}\" data-widget_type=\"text-editor.default\">\n\t\t\t\t<div class=\"elementor-widget-container\">\n\t\t\t\t\t\t\t\t\t<h3>Kulinarik<\/h3><ul><li><strong>Reichhaltiges<\/strong> <strong>Fr\u00fchst\u00fccksbuffet <\/strong>mit gro\u00dfer Auswahl an regionalen Produkten f\u00fcr einen energiegeladenen Tag auf der Piste. T\u00e4glich von 07:30 bis 10:00 Uhr<\/li><li><strong>Herzhafte<\/strong> <strong>Skifahrerjause<\/strong> mit t\u00e4glich wechselnden Gerichten, einer Auswahl an Kuchen und Salaten. T\u00e4glich von 15:00 bis 16:30 Uhr<\/li><li>Kulinarisches Abendprogramm mit einem<strong> 5-G\u00e4nge-Gourmet-Men\u00fc<\/strong>, Salat vom Buffet und einem Wahlgericht, bei dem als Hauptgang zwischen Fleisch, Fisch oder einer vegetarischen Variante gew\u00e4hlt werden kann. T\u00e4glich ab 19:00 Uhr<\/li><li><strong>Festliches<\/strong> <strong>Galadinner<\/strong> jeden Sonntag mit Begr\u00fc\u00dfung und Sektempfang.<\/li><li><strong>Abwechslungsreiche Themenabende<\/strong> wie das klassische \u00f6sterreichische Men\u00fc oder mediterrane Gerichte. Das <strong>legend\u00e4re Dessertbuffet<\/strong> findet jeden Freitag statt.<\/li><li>Kompetente und individuelle\u00a0<strong>Weinberatung<\/strong>\u00a0f\u00fcr Ihren Genuss<\/li><li>T\u00e4gliches\u00a0<strong>Feinschmecker-K\u00e4sebuffet<\/strong>\u00a0mit erlesenen K\u00e4sespezialit\u00e4ten aus der Region<\/li><\/ul>\t\t\t\t\t\t\t\t<\/div>\n\t\t\t\t<\/div>\n\t\t\t\t<div class=\"elementor-element elementor-element-ef62205 ob-harakiri-inherit ob-has-background-overlay elementor-widget elementor-widget-text-editor\" data-id=\"ef62205\" data-element_type=\"widget\" data-e-type=\"widget\" data-settings=\"{&quot;_ob_use_harakiri&quot;:&quot;yes&quot;,&quot;_ob_harakiri_writing_mode&quot;:&quot;inherit&quot;,&quot;_ob_postman_use&quot;:&quot;no&quot;,&quot;_ob_perspektive_use&quot;:&quot;no&quot;,&quot;_ob_poopart_use&quot;:&quot;yes&quot;,&quot;_ob_shadough_use&quot;:&quot;no&quot;,&quot;_ob_allow_hoveranimator&quot;:&quot;no&quot;,&quot;_ob_widget_stalker_use&quot;:&quot;no&quot;}\" data-widget_type=\"text-editor.default\">\n\t\t\t\t<div class=\"elementor-widget-container\">\n\t\t\t\t\t\t\t\t\t<h3>Wellness<\/h3><ul><li>Eleganter Wellnessbereich mit Erholungsgarantie<\/li><li>Finnische Sauna mit Kr\u00e4uteraufguss<\/li><li>R\u00f6misches Dampfbad<\/li><li>Belebendes Fu\u00dfkneipenbad<\/li><li>Vitalisierende Infrarotkabinen<\/li><li>Erholsamer Whirlpool<\/li><li>Ruheraum mit frischen S\u00e4ften, Tee- und Obstbar<\/li><li>Wohltuende Massageanwendungen<\/li><li>Kuschelweiche Badehandt\u00fccher\u00a0im gesamten Wellnessbereich<\/li><\/ul>\t\t\t\t\t\t\t\t<\/div>\n\t\t\t\t<\/div>\n\t\t\t\t<div class=\"elementor-element elementor-element-22d656f ob-harakiri-inherit ob-has-background-overlay elementor-widget elementor-widget-text-editor\" data-id=\"22d656f\" data-element_type=\"widget\" data-e-type=\"widget\" data-settings=\"{&quot;_ob_use_harakiri&quot;:&quot;yes&quot;,&quot;_ob_harakiri_writing_mode&quot;:&quot;inherit&quot;,&quot;_ob_postman_use&quot;:&quot;no&quot;,&quot;_ob_perspektive_use&quot;:&quot;no&quot;,&quot;_ob_poopart_use&quot;:&quot;yes&quot;,&quot;_ob_shadough_use&quot;:&quot;no&quot;,&quot;_ob_allow_hoveranimator&quot;:&quot;no&quot;,&quot;_ob_widget_stalker_use&quot;:&quot;no&quot;}\" data-widget_type=\"text-editor.default\">\n\t\t\t\t<div class=\"elementor-widget-container\">\n\t\t\t\t\t\t\t\t\t<h3>Rund ums Skifahren<\/h3><ul><li>Skihotel direkt an der Piste mit Ski in &#8211; Ski out<\/li><li>Ausstellung und Vorbestellung der Skip\u00e4sse an der Rezeption m\u00f6glich<\/li><li>Modern ausgestatteter Skikeller mit eigenem Abteil und Skischuhw\u00e4rmer f\u00fcr jeden Gast<\/li><li>Reisen Sie mit leichtem Gep\u00e4ck:\u00a0 Verleih von Skiern, Snowboards, Langlaufski oder Tourenski bei unserem Partner \u201e<a href=\"https:\/\/www.sportbraendle.at\/\" target=\"_blank\" rel=\"noopener\">Friendly Br\u00e4ndle<\/a>\u201c<\/li><li>Overnight Skiservice \u2013 \u00dcber Nacht werden Ihre Ski wie neu!<\/li><li><a href=\"https:\/\/www.skischule-zuers.at\/\" target=\"_blank\" rel=\"noopener\">Skischule Z\u00fcrs<\/a> direkt nebenan f\u00fcr Gruppenkurse oder Privatskilehrer<\/li><li>Geheimtipps f\u00fcr die besten Ski- und Tourenrouten von Ihrem kundigen Gastgeber<\/li><\/ul>\t\t\t\t\t\t\t\t<\/div>\n\t\t\t\t<\/div>\n\t\t\t\t\t<\/div>\n\t\t<\/div>\n\t\t\t\t<div class=\"elementor-column elementor-col-25 elementor-top-column elementor-element elementor-element-8168229\" data-id=\"8168229\" data-element_type=\"column\" data-e-type=\"column\" data-settings=\"{&quot;_ob_bbad_is_stalker&quot;:&quot;no&quot;,&quot;_ob_teleporter_use&quot;:false,&quot;_ob_column_hoveranimator&quot;:&quot;no&quot;,&quot;_ob_column_has_pseudo&quot;:&quot;no&quot;}\">\n\t\t\t<div class=\"elementor-widget-wrap elementor-element-populated\">\n\t\t\t\t\t\t<div class=\"elementor-element elementor-element-467e13c ob-harakiri-inherit ob-has-background-overlay elementor-widget elementor-widget-text-editor\" data-id=\"467e13c\" data-element_type=\"widget\" data-e-type=\"widget\" data-settings=\"{&quot;_ob_use_harakiri&quot;:&quot;yes&quot;,&quot;_ob_harakiri_writing_mode&quot;:&quot;inherit&quot;,&quot;_ob_postman_use&quot;:&quot;no&quot;,&quot;_ob_perspektive_use&quot;:&quot;no&quot;,&quot;_ob_poopart_use&quot;:&quot;yes&quot;,&quot;_ob_shadough_use&quot;:&quot;no&quot;,&quot;_ob_allow_hoveranimator&quot;:&quot;no&quot;,&quot;_ob_widget_stalker_use&quot;:&quot;no&quot;}\" data-widget_type=\"text-editor.default\">\n\t\t\t\t<div class=\"elementor-widget-container\">\n\t\t\t\t\t\t\t\t\t<h3>Familien &amp; Kinder<\/h3><ul><li>Kinderspielzimmer\u00a0mit Spielecke und Kinderkino<\/li><li>Betreutes Kinderprogramm f\u00fcr Spielgruppenkinder (2 \u2013 3 Jahre) und Skikindergarten (3 \u2013 6 Jahre) im <a href=\"https:\/\/www.kinderclub-lech.at\/betreuung-in-zuers\/programm-und-aktivitaeten\/?L=0\" target=\"_blank\" rel=\"noopener\">Kinderclub Z\u00fcrs<\/a>\u00a0<\/li><li><a href=\"https:\/\/www.skischule-zuers.at\/\" target=\"_blank\" rel=\"noopener\">Kinderskischule Z\u00fcrs<\/a> direkt nebenan\u00a0<\/li><li>Abendessen am \u201eKindertisch\u201c im Restaurant ab 18:00 Uhr<\/li><li>F\u00fcr unsere Allerkleinsten stellen wir gerne kostenlos zur Verf\u00fcgung: Gitterbett, Hochstuhl, Wickelauflage, Windeleimer, Wasserkocher.<\/li><li>Auf Wunsch organisieren wir gerne einen Babysitter f\u00fcr Sie<\/li><\/ul>\t\t\t\t\t\t\t\t<\/div>\n\t\t\t\t<\/div>\n\t\t\t\t<div class=\"elementor-element elementor-element-d610262 ob-harakiri-inherit ob-has-background-overlay elementor-widget elementor-widget-text-editor\" data-id=\"d610262\" data-element_type=\"widget\" data-e-type=\"widget\" data-settings=\"{&quot;_ob_use_harakiri&quot;:&quot;yes&quot;,&quot;_ob_harakiri_writing_mode&quot;:&quot;inherit&quot;,&quot;_ob_postman_use&quot;:&quot;no&quot;,&quot;_ob_perspektive_use&quot;:&quot;no&quot;,&quot;_ob_poopart_use&quot;:&quot;yes&quot;,&quot;_ob_shadough_use&quot;:&quot;no&quot;,&quot;_ob_allow_hoveranimator&quot;:&quot;no&quot;,&quot;_ob_widget_stalker_use&quot;:&quot;no&quot;}\" data-widget_type=\"text-editor.default\">\n\t\t\t\t<div class=\"elementor-widget-container\">\n\t\t\t\t\t\t\t\t\t<h3>Die Ulli-Extras<\/h3><ul><li>Gratis Shuttleservice vom und zum Bahnhof Langen bzw. St. Anton am Arlberg<\/li><li>Flughafentransfer durch unseren Partner \u201e<a href=\"https:\/\/arlbergexpress.com\/de\/\" target=\"_blank\" rel=\"noopener\">Arlberg Express<\/a>\u201c\u00a0<\/li><li>Ski- und Bergf\u00fchrerplan, Lagepl\u00e4ne vom Arlberg sowie zahlreiches\u00a0Infomaterial\u00a0zu Ausflugszielen und Attraktionen<\/li><li>Abwechslungsreiches Aktivprogramm (Schneeschuhwanderung, Fackelwanderung, Eisstockschie\u00dfen)<\/li><li>Verleih von hochwertigen Schneeschuhen und Wanderst\u00f6cken<\/li><li>Pers\u00f6nliche und individuelle Beratung\u00a0an der Rezeption<\/li><\/ul>\t\t\t\t\t\t\t\t<\/div>\n\t\t\t\t<\/div>\n\t\t\t\t<div class=\"elementor-element elementor-element-3a44815 ob-harakiri-inherit ob-has-background-overlay elementor-widget elementor-widget-text-editor\" data-id=\"3a44815\" data-element_type=\"widget\" data-e-type=\"widget\" data-settings=\"{&quot;_ob_use_harakiri&quot;:&quot;yes&quot;,&quot;_ob_harakiri_writing_mode&quot;:&quot;inherit&quot;,&quot;_ob_postman_use&quot;:&quot;no&quot;,&quot;_ob_perspektive_use&quot;:&quot;no&quot;,&quot;_ob_poopart_use&quot;:&quot;yes&quot;,&quot;_ob_shadough_use&quot;:&quot;no&quot;,&quot;_ob_allow_hoveranimator&quot;:&quot;no&quot;,&quot;_ob_widget_stalker_use&quot;:&quot;no&quot;}\" data-widget_type=\"text-editor.default\">\n\t\t\t\t<div class=\"elementor-widget-container\">\n\t\t\t\t\t\t\t\t\t<h3>Und dar\u00fcber hinaus..<\/h3>\n<ul>\n<li>viele liebevolle Details&nbsp;im gesamten Haus<\/li>\n<li>pers\u00f6nliche und famili\u00e4re Atmosph\u00e4re<\/li>\n<li>individueller Service&nbsp;in allen Bereichen<\/li>\n<li>viel&nbsp;frische Bergluft, stille, reine&nbsp;Natur des Arlbergs<\/li>\n<li>optimaler Ausgangspunkt f\u00fcr Ihren Ski- oder Winterwandertag<\/li>\n<\/ul>\t\t\t\t\t\t\t\t<\/div>\n\t\t\t\t<\/div>\n\t\t\t\t\t<\/div>\n\t\t<\/div>\n\t\t\t\t<div class=\"elementor-column elementor-col-25 elementor-top-column elementor-element elementor-element-6d5a973\" data-id=\"6d5a973\" data-element_type=\"column\" data-e-type=\"column\" data-settings=\"{&quot;_ob_bbad_is_stalker&quot;:&quot;no&quot;,&quot;_ob_teleporter_use&quot;:false,&quot;_ob_column_hoveranimator&quot;:&quot;no&quot;,&quot;_ob_column_has_pseudo&quot;:&quot;no&quot;}\">\n\t\t\t<div class=\"elementor-widget-wrap elementor-element-populated\">\n\t\t\t\t\t\t<div class=\"elementor-element elementor-element-227d9a8 ob-has-background-overlay elementor-widget elementor-widget-button\" data-id=\"227d9a8\" data-element_type=\"widget\" data-e-type=\"widget\" data-settings=\"{&quot;_ob_butterbutton_use_it&quot;:&quot;no&quot;,&quot;_ob_perspektive_use&quot;:&quot;no&quot;,&quot;_ob_poopart_use&quot;:&quot;yes&quot;,&quot;_ob_shadough_use&quot;:&quot;no&quot;,&quot;_ob_allow_hoveranimator&quot;:&quot;no&quot;,&quot;_ob_widget_stalker_use&quot;:&quot;no&quot;}\" data-widget_type=\"button.default\">\n\t\t\t\t<div class=\"elementor-widget-container\">\n\t\t\t\t\t\t\t\t\t<div class=\"elementor-button-wrapper\">\n\t\t\t\t\t<a class=\"elementor-button elementor-button-link elementor-size-sm\" href=\"https:\/\/www.hotel-ulli.at\/de\/hotel\/allgemeine-hinweise\/\">\n\t\t\t\t\t\t<span class=\"elementor-button-content-wrapper\">\n\t\t\t\t\t\t\t\t\t<span class=\"elementor-button-text\">Bitte beachten Sie auch unsere allgemeinen Hinweise!<\/span>\n\t\t\t\t\t<\/span>\n\t\t\t\t\t<\/a>\n\t\t\t\t<\/div>\n\t\t\t\t\t\t\t\t<\/div>\n\t\t\t\t<\/div>\n\t\t\t\t\t<\/div>\n\t\t<\/div>\n\t\t\t\t\t<\/div>\n\t\t<\/section>\n\t\t\t\t<\/div>\n\t\t","protected":false},"excerpt":{"rendered":"<p>Mehrwert, der begeistert Inklusivleistungen Kulinarik Reichhaltiges Fr\u00fchst\u00fccksbuffet mit gro\u00dfer Auswahl an regionalen Produkten f\u00fcr einen energiegeladenen Tag auf der Piste. T\u00e4glich von 07:30 bis 10:00 Uhr Herzhafte Skifahrerjause mit t\u00e4glich wechselnden Gerichten, einer Auswahl an Kuchen und Salaten. T\u00e4glich von 15:00 bis 16:30 Uhr Kulinarisches Abendprogramm mit einem 5-G\u00e4nge-Gourmet-Men\u00fc, Salat vom Buffet und einem Wahlgericht, [&hellip;]<\/p>\n","protected":false},"author":1,"featured_media":0,"parent":664,"menu_order":0,"comment_status":"closed","ping_status":"closed","template":"","meta":{"_acf_changed":false,"_seopress_robots_primary_cat":"","_seopress_titles_title":"Inklusivleistungen | Hotel Ulli","_seopress_titles_desc":"Entdecken Sie alle Inklusivleistungen \u2714Kulinarik \u2714Familien &amp; Kinder \u2714Wellness &amp; Spabereich \u2714Skifahren \u25b6 Inklusivleistungen ansehen","_seopress_robots_index":"","site-sidebar-layout":"no-sidebar","site-content-layout":"page-builder","ast-site-content-layout":"default","site-content-style":"default","site-sidebar-style":"default","ast-global-header-display":"","ast-banner-title-visibility":"","ast-main-header-display":"","ast-hfb-above-header-display":"","ast-hfb-below-header-display":"","ast-hfb-mobile-header-display":"","site-post-title":"disabled","ast-breadcrumbs-content":"","ast-featured-img":"disabled","footer-sml-layout":"","ast-disable-related-posts":"","theme-transparent-header-meta":"default","adv-header-id-meta":"","stick-header-meta":"","header-above-stick-meta":"","header-main-stick-meta":"","header-below-stick-meta":"","astra-migrate-meta-layouts":"default","ast-page-background-enabled":"default","ast-page-background-meta":{"desktop":{"background-color":"","background-image":"","background-repeat":"repeat","background-position":"center center","background-size":"auto","background-attachment":"scroll","background-type":"","background-media":"","overlay-type":"","overlay-color":"","overlay-opacity":"","overlay-gradient":""},"tablet":{"background-color":"","background-image":"","background-repeat":"repeat","background-position":"center center","background-size":"auto","background-attachment":"scroll","background-type":"","background-media":"","overlay-type":"","overlay-color":"","overlay-opacity":"","overlay-gradient":""},"mobile":{"background-color":"","background-image":"","background-repeat":"repeat","background-position":"center center","background-size":"auto","background-attachment":"scroll","background-type":"","background-media":"","overlay-type":"","overlay-color":"","overlay-opacity":"","overlay-gradient":""}},"ast-content-background-meta":{"desktop":{"background-color":"var(--ast-global-color-5)","background-image":"","background-repeat":"repeat","background-position":"center center","background-size":"auto","background-attachment":"scroll","background-type":"","background-media":"","overlay-type":"","overlay-color":"","overlay-opacity":"","overlay-gradient":""},"tablet":{"background-color":"var(--ast-global-color-5)","background-image":"","background-repeat":"repeat","background-position":"center center","background-size":"auto","background-attachment":"scroll","background-type":"","background-media":"","overlay-type":"","overlay-color":"","overlay-opacity":"","overlay-gradient":""},"mobile":{"background-color":"var(--ast-global-color-5)","background-image":"","background-repeat":"repeat","background-position":"center center","background-size":"auto","background-attachment":"scroll","background-type":"","background-media":"","overlay-type":"","overlay-color":"","overlay-opacity":"","overlay-gradient":""}},"footnotes":""},"class_list":["post-2690","page","type-page","status-publish","hentry"],"acf":[],"_links":{"self":[{"href":"https:\/\/www.hotel-ulli.at\/de\/wp-json\/wp\/v2\/pages\/2690","targetHints":{"allow":["GET"]}}],"collection":[{"href":"https:\/\/www.hotel-ulli.at\/de\/wp-json\/wp\/v2\/pages"}],"about":[{"href":"https:\/\/www.hotel-ulli.at\/de\/wp-json\/wp\/v2\/types\/page"}],"author":[{"embeddable":true,"href":"https:\/\/www.hotel-ulli.at\/de\/wp-json\/wp\/v2\/users\/1"}],"replies":[{"embeddable":true,"href":"https:\/\/www.hotel-ulli.at\/de\/wp-json\/wp\/v2\/comments?post=2690"}],"version-history":[{"count":24,"href":"https:\/\/www.hotel-ulli.at\/de\/wp-json\/wp\/v2\/pages\/2690\/revisions"}],"predecessor-version":[{"id":13731,"href":"https:\/\/www.hotel-ulli.at\/de\/wp-json\/wp\/v2\/pages\/2690\/revisions\/13731"}],"up":[{"embeddable":true,"href":"https:\/\/www.hotel-ulli.at\/de\/wp-json\/wp\/v2\/pages\/664"}],"wp:attachment":[{"href":"https:\/\/www.hotel-ulli.at\/de\/wp-json\/wp\/v2\/media?parent=2690"}],"curies":[{"name":"wp","href":"https:\/\/api.w.org\/{rel}","templated":true}]}}