{"id":4473,"date":"2021-04-13T06:34:41","date_gmt":"2021-04-13T06:34:41","guid":{"rendered":"https:\/\/www.hotel-ulli.at\/aviso-legal\/"},"modified":"2026-05-04T12:49:45","modified_gmt":"2026-05-04T12:49:45","slug":"aviso-legal","status":"publish","type":"page","link":"https:\/\/www.hotel-ulli.at\/es\/aviso-legal\/","title":{"rendered":"Aviso legal"},"content":{"rendered":"\n<table id=\"tablepress-100\" class=\"tablepress tablepress-id-100\">\n<thead>\n<tr class=\"row-1\">\n\t<th class=\"column-1\">Forma jur\u00eddica:<\/th><th class=\"column-2\">Sociedad an\u00f3nima<\/th>\n<\/tr>\n<\/thead>\n<tbody class=\"row-striping row-hover\">\n<tr class=\"row-2\">\n\t<td class=\"column-1\">Nombre de la empresa:<\/td><td class=\"column-2\">Hotel Ulli Gesellschaft m.b.H.<\/td>\n<\/tr>\n<tr class=\"row-3\">\n\t<td class=\"column-1\">Director General:<\/td><td class=\"column-2\">Dr. Stefan M\u00fcller, Lukas M\u00fcller, MSc<\/td>\n<\/tr>\n<tr class=\"row-4\">\n\t<td class=\"column-1\">Direcci\u00f3n:<\/td><td class=\"column-2\">Haus Nr 264, 6763 Z\u00fcrs\/\u00d6sterreich<\/td>\n<\/tr>\n<tr class=\"row-5\">\n\t<td class=\"column-1\">Correo electr\u00f3nico:<\/td><td class=\"column-2\">direktion@hotel-ulli.at<\/td>\n<\/tr>\n<tr class=\"row-6\">\n\t<td class=\"column-1\">N\u00famero de tel\u00e9fono:<\/td><td class=\"column-2\">+43 5583 2600-0<\/td>\n<\/tr>\n<tr class=\"row-7\">\n\t<td class=\"column-1\">Web:<\/td><td class=\"column-2\">www.hotel-ulli.at<\/td>\n<\/tr>\n<tr class=\"row-8\">\n\t<td class=\"column-1\">N\u00famero de registro de la empresa:<\/td><td class=\"column-2\">FN 170770h<\/td>\n<\/tr>\n<tr class=\"row-9\">\n\t<td class=\"column-1\">Tribunal del Registro Mercantil:<\/td><td class=\"column-2\">Feldkirch<\/td>\n<\/tr>\n<tr class=\"row-10\">\n\t<td class=\"column-1\">Autoridad reguladora:<\/td><td class=\"column-2\">Bezirkshauptmannschaft Bludenz<\/td>\n<\/tr>\n<tr class=\"row-11\">\n\t<td class=\"column-1\">Afiliaci\u00f3n:<\/td><td class=\"column-2\">WKO, \u00d6HV<\/td>\n<\/tr>\n<tr class=\"row-12\">\n\t<td class=\"column-1\">N\u00famero UID:<\/td><td class=\"column-2\">ATU 45081405<\/td>\n<\/tr>\n<\/tbody>\n<\/table>\n<!-- #tablepress-100 from cache -->\n\n\n\n<p>A pesar del cuidadoso control del contenido, no asumimos ninguna responsabilidad por el contenido de los enlaces externos. Los operadores de las p\u00e1ginas enlazadas son los \u00fanicos responsables de su contenido.<\/p>\n\n\n\n<h4 class=\"wp-block-heading\">Cr\u00e9ditos de imagen<\/h4>\n\n\n\n<ul class=\"wp-block-list\"><li>P\u00e1gina de inicio Omeshorn: LechZuersTourismus \u2013 Daniel Zangerl<\/li><li>P\u00e1gina de inicio Oberlechgondel: LechZuersTourismus &#8211; Daniel Zangerl<\/li><li>Ofertas Daniel Zangerl &amp; Alex Kaiser &#8211; LechZuersTourismus<\/li><li>Ofertas<ul><li>La magia del Adviento: imagen 2 Daniel Zangerl \/ LechZuersTourismus<\/li><li>La Semana de Esqu\u00ed de Ulli: imagen 1 Daniel Zangerl \/ LechZuersTourismus<\/li><li>Tiempo de familia: imagen 1 Daniel Zangerl \/ LechZuersTourismus<\/li><li>Viajes de esqu\u00ed: imagen 2 Daniel Zangerl \/ imagen 3 Hans Wiesenhofer \/ LechZuersTourismus<\/li><li>Pascuas: imagen 3 Daniel Zangerl \/ LechZuersTourismus<\/li><li>El despertar de la primavera: imagen 1 Sepp Malaun \/ LechZuersTourismus<\/li><\/ul><\/li><li>Actividades de invierno: Heliskiing by Wucher Helicopter \/ LechZuersTourismus<\/li><li>Actividades de invierno: Esqu\u00ed y snowboard: Daniel Zangerl \/ LechZuersTourismus<\/li><li>Esqu\u00ed y snowboard: Daniel Zangerl, Christoph Sch\u00f6ch, Sepp Mallaun \/ Lech Zuers Tourismus<\/li><li>Actividades de invierno > Heliskiing: Wucher Helikopter<\/li><li>Entradas de blog: LechZuersTourismus, skiarlberg<\/li><\/ul>\n\n\n\n<h4 class=\"wp-block-heading\">c\u00e1mara web<\/h4>\n\n\n\n<p>Ski-Z\u00fcrs-AG: https:\/\/www.ski-zuers.at\/<\/p>\n\n\n\n<h3 class=\"wp-block-heading\">Soluci\u00f3n de Internet<\/h3>\n\n\n\n<div class=\"wp-block-image\"><figure class=\"alignright size-large\"><a href=\"https:\/\/www.creativemedia.li\/\" target=\"_blank\" rel=\"noopener\"><img decoding=\"async\" src=\"https:\/\/www.hotel-ulli.at\/wp-content\/uploads\/2021\/03\/logo-creativemedia-ag.webp\" alt=\"\" class=\"wp-image-4254\"\/><\/a><\/figure><\/div>\n\n\n\n<p>creativemedia AG<br>Im alten Riet 153<br>9494 Schaan<br>Liechtenstein<br><a href=\"https:\/\/www.creativemedia.li\/\" target=\"_blank\" rel=\"noreferrer noopener\">www.creativemedia.li<\/a><\/p>\n","protected":false},"excerpt":{"rendered":"<p>A pesar del cuidadoso control del contenido, no asumimos ninguna responsabilidad por el contenido de los enlaces externos. Los operadores de las p\u00e1ginas enlazadas son los \u00fanicos responsables de su contenido. Cr\u00e9ditos de imagen P\u00e1gina de inicio Omeshorn: LechZuersTourismus \u2013 Daniel Zangerl P\u00e1gina de inicio Oberlechgondel: LechZuersTourismus &#8211; Daniel Zangerl Ofertas Daniel Zangerl &amp; Alex [&hellip;]<\/p>\n","protected":false},"author":1,"featured_media":0,"parent":0,"menu_order":8,"comment_status":"closed","ping_status":"closed","template":"","meta":{"_acf_changed":false,"_seopress_robots_primary_cat":"","_seopress_titles_title":"","_seopress_titles_desc":"","_seopress_robots_index":"yes","site-sidebar-layout":"default","site-content-layout":"content-boxed-container","ast-site-content-layout":"normal-width-container","site-content-style":"boxed","site-sidebar-style":"unboxed","ast-global-header-display":"","ast-banner-title-visibility":"","ast-main-header-display":"","ast-hfb-above-header-display":"","ast-hfb-below-header-display":"","ast-hfb-mobile-header-display":"","site-post-title":"","ast-breadcrumbs-content":"","ast-featured-img":"","footer-sml-layout":"","ast-disable-related-posts":"","theme-transparent-header-meta":"default","adv-header-id-meta":"","stick-header-meta":"","header-above-stick-meta":"","header-main-stick-meta":"","header-below-stick-meta":"","astra-migrate-meta-layouts":"default","ast-page-background-enabled":"default","ast-page-background-meta":{"desktop":{"background-color":"","background-image":"","background-repeat":"repeat","background-position":"center center","background-size":"auto","background-attachment":"scroll","background-type":"","background-media":"","overlay-type":"","overlay-color":"","overlay-opacity":"","overlay-gradient":""},"tablet":{"background-color":"","background-image":"","background-repeat":"repeat","background-position":"center center","background-size":"auto","background-attachment":"scroll","background-type":"","background-media":"","overlay-type":"","overlay-color":"","overlay-opacity":"","overlay-gradient":""},"mobile":{"background-color":"","background-image":"","background-repeat":"repeat","background-position":"center center","background-size":"auto","background-attachment":"scroll","background-type":"","background-media":"","overlay-type":"","overlay-color":"","overlay-opacity":"","overlay-gradient":""}},"ast-content-background-meta":{"desktop":{"background-color":"var(--ast-global-color-5)","background-image":"","background-repeat":"repeat","background-position":"center center","background-size":"auto","background-attachment":"scroll","background-type":"","background-media":"","overlay-type":"","overlay-color":"","overlay-opacity":"","overlay-gradient":""},"tablet":{"background-color":"var(--ast-global-color-5)","background-image":"","background-repeat":"repeat","background-position":"center center","background-size":"auto","background-attachment":"scroll","background-type":"","background-media":"","overlay-type":"","overlay-color":"","overlay-opacity":"","overlay-gradient":""},"mobile":{"background-color":"var(--ast-global-color-5)","background-image":"","background-repeat":"repeat","background-position":"center center","background-size":"auto","background-attachment":"scroll","background-type":"","background-media":"","overlay-type":"","overlay-color":"","overlay-opacity":"","overlay-gradient":""}},"footnotes":""},"class_list":["post-4473","page","type-page","status-publish","hentry"],"acf":[],"_links":{"self":[{"href":"https:\/\/www.hotel-ulli.at\/es\/wp-json\/wp\/v2\/pages\/4473","targetHints":{"allow":["GET"]}}],"collection":[{"href":"https:\/\/www.hotel-ulli.at\/es\/wp-json\/wp\/v2\/pages"}],"about":[{"href":"https:\/\/www.hotel-ulli.at\/es\/wp-json\/wp\/v2\/types\/page"}],"author":[{"embeddable":true,"href":"https:\/\/www.hotel-ulli.at\/es\/wp-json\/wp\/v2\/users\/1"}],"replies":[{"embeddable":true,"href":"https:\/\/www.hotel-ulli.at\/es\/wp-json\/wp\/v2\/comments?post=4473"}],"version-history":[{"count":1,"href":"https:\/\/www.hotel-ulli.at\/es\/wp-json\/wp\/v2\/pages\/4473\/revisions"}],"predecessor-version":[{"id":14518,"href":"https:\/\/www.hotel-ulli.at\/es\/wp-json\/wp\/v2\/pages\/4473\/revisions\/14518"}],"wp:attachment":[{"href":"https:\/\/www.hotel-ulli.at\/es\/wp-json\/wp\/v2\/media?parent=4473"}],"curies":[{"name":"wp","href":"https:\/\/api.w.org\/{rel}","templated":true}]}}