{"id":4552,"date":"2021-04-13T06:43:31","date_gmt":"2021-04-13T06:43:31","guid":{"rendered":"https:\/\/www.hotel-ulli.at\/habitaciones-y-precios\/servicios-incluidos\/"},"modified":"2025-06-07T17:49:07","modified_gmt":"2025-06-07T17:49:07","slug":"servicios-incluidos","status":"publish","type":"page","link":"https:\/\/www.hotel-ulli.at\/es\/habitaciones-y-precios\/servicios-incluidos\/","title":{"rendered":"Servicios incluidos"},"content":{"rendered":"\t\t<div data-elementor-type=\"wp-page\" data-elementor-id=\"4552\" class=\"elementor elementor-4552 elementor-2690\" data-elementor-post-type=\"page\">\n\t\t\t\t\t\t<section class=\"ob-is-breaking-bad elementor-section elementor-top-section elementor-element elementor-element-2d0e97f elementor-section-boxed elementor-section-height-default elementor-section-height-default\" data-id=\"2d0e97f\" data-element_type=\"section\" data-e-type=\"section\" data-settings=\"{&quot;_ob_bbad_use_it&quot;:&quot;yes&quot;,&quot;_ob_bbad_sssic_use&quot;:&quot;no&quot;,&quot;_ob_glider_is_slider&quot;:&quot;no&quot;}\">\n\t\t\t\t\t\t<div class=\"elementor-container elementor-column-gap-wide\">\n\t\t\t\t\t<div class=\"elementor-column elementor-col-25 elementor-top-column elementor-element elementor-element-65e8c5b\" data-id=\"65e8c5b\" data-element_type=\"column\" data-e-type=\"column\" data-settings=\"{&quot;_ob_bbad_is_stalker&quot;:&quot;no&quot;,&quot;_ob_teleporter_use&quot;:false,&quot;_ob_column_hoveranimator&quot;:&quot;no&quot;,&quot;_ob_column_has_pseudo&quot;:&quot;no&quot;}\">\n\t\t\t<div class=\"elementor-widget-wrap elementor-element-populated\">\n\t\t\t\t\t\t<div class=\"elementor-element elementor-element-b116fff h3look ob-harakiri-inherit ob-has-background-overlay elementor-widget elementor-widget-heading\" data-id=\"b116fff\" data-element_type=\"widget\" data-e-type=\"widget\" data-settings=\"{&quot;_ob_use_harakiri&quot;:&quot;yes&quot;,&quot;_ob_harakiri_writing_mode&quot;:&quot;inherit&quot;,&quot;_ob_harakiri_text_clip&quot;:&quot;none&quot;,&quot;_ob_perspektive_use&quot;:&quot;no&quot;,&quot;_ob_poopart_use&quot;:&quot;yes&quot;,&quot;_ob_shadough_use&quot;:&quot;no&quot;,&quot;_ob_allow_hoveranimator&quot;:&quot;no&quot;,&quot;_ob_widget_stalker_use&quot;:&quot;no&quot;}\" data-widget_type=\"heading.default\">\n\t\t\t\t<div class=\"elementor-widget-container\">\n\t\t\t\t\t<p class=\"elementor-heading-title elementor-size-default\">Beneficios que sorprenden<\/p>\t\t\t\t<\/div>\n\t\t\t\t<\/div>\n\t\t\t\t<div class=\"elementor-element elementor-element-9017ec8 lined ob-harakiri-inherit ob-has-background-overlay elementor-widget elementor-widget-heading\" data-id=\"9017ec8\" data-element_type=\"widget\" data-e-type=\"widget\" data-settings=\"{&quot;_ob_use_harakiri&quot;:&quot;yes&quot;,&quot;_ob_harakiri_writing_mode&quot;:&quot;inherit&quot;,&quot;_ob_harakiri_text_clip&quot;:&quot;none&quot;,&quot;_ob_perspektive_use&quot;:&quot;no&quot;,&quot;_ob_poopart_use&quot;:&quot;yes&quot;,&quot;_ob_shadough_use&quot;:&quot;no&quot;,&quot;_ob_allow_hoveranimator&quot;:&quot;no&quot;,&quot;_ob_widget_stalker_use&quot;:&quot;no&quot;}\" data-widget_type=\"heading.default\">\n\t\t\t\t<div class=\"elementor-widget-container\">\n\t\t\t\t\t<h1 class=\"elementor-heading-title elementor-size-default\">Servicios incluidos<\/h1>\t\t\t\t<\/div>\n\t\t\t\t<\/div>\n\t\t\t\t\t<\/div>\n\t\t<\/div>\n\t\t\t\t<div class=\"elementor-column elementor-col-25 elementor-top-column elementor-element elementor-element-716ffca\" data-id=\"716ffca\" data-element_type=\"column\" data-e-type=\"column\" data-settings=\"{&quot;_ob_bbad_is_stalker&quot;:&quot;no&quot;,&quot;_ob_teleporter_use&quot;:false,&quot;_ob_column_hoveranimator&quot;:&quot;no&quot;,&quot;_ob_column_has_pseudo&quot;:&quot;no&quot;}\">\n\t\t\t<div class=\"elementor-widget-wrap elementor-element-populated\">\n\t\t\t\t\t\t<div class=\"elementor-element elementor-element-b5133ea ob-harakiri-inherit ob-has-background-overlay elementor-widget elementor-widget-text-editor\" data-id=\"b5133ea\" data-element_type=\"widget\" data-e-type=\"widget\" data-settings=\"{&quot;_ob_use_harakiri&quot;:&quot;yes&quot;,&quot;_ob_harakiri_writing_mode&quot;:&quot;inherit&quot;,&quot;_ob_postman_use&quot;:&quot;no&quot;,&quot;_ob_perspektive_use&quot;:&quot;no&quot;,&quot;_ob_poopart_use&quot;:&quot;yes&quot;,&quot;_ob_shadough_use&quot;:&quot;no&quot;,&quot;_ob_allow_hoveranimator&quot;:&quot;no&quot;,&quot;_ob_widget_stalker_use&quot;:&quot;no&quot;}\" data-widget_type=\"text-editor.default\">\n\t\t\t\t<div class=\"elementor-widget-container\">\n\t\t\t\t\t\t\t\t\t<h3>Culinaria<\/h3><ul><li data-start=\"1789\" data-end=\"2288\"><strong>Abundante desayuno buffet<\/strong> con una amplia selecci\u00f3n de productos regionales para un d\u00eda lleno de energ\u00eda en las pistas. Diario de 7:30 a 10:00 h<\/li><li data-start=\"1789\" data-end=\"2288\">Refrigerio contundente para esquiadores con <strong>platos que cambian diariamente<\/strong> y una selecci\u00f3n de pasteles y ensaladas. Diario de 15:00 a 16:30 h<\/li><li data-start=\"1789\" data-end=\"2288\">Programa culinario nocturno con un <strong>men\u00fa gourmet de 5 platos<\/strong>, ensalada del buffet y un plato principal a elegir entre carne, pescado o una opci\u00f3n vegetariana. Diario a partir de las 19:00 h<\/li><li><strong>Cena de gala festiva<\/strong> todos los domingos con bienvenida y copa de cava.<\/li><li><strong>Noches tem\u00e1ticas variadas<\/strong>, como el men\u00fa cl\u00e1sico austriaco o platos mediterr\u00e1neos. El <strong>legendario buffet de postres<\/strong> se celebra todos los viernes.<\/li><li><strong>Asesoramiento en vinos<\/strong> competente e individual para su disfrute.<\/li><li data-start=\"2577\" data-end=\"2661\"><strong>Buffet diario de quesos gourmet<\/strong> con selectas especialidades de queso de la regi\u00f3n.<\/li><\/ul>\t\t\t\t\t\t\t\t<\/div>\n\t\t\t\t<\/div>\n\t\t\t\t<div class=\"elementor-element elementor-element-ef62205 ob-harakiri-inherit ob-has-background-overlay elementor-widget elementor-widget-text-editor\" data-id=\"ef62205\" data-element_type=\"widget\" data-e-type=\"widget\" data-settings=\"{&quot;_ob_use_harakiri&quot;:&quot;yes&quot;,&quot;_ob_harakiri_writing_mode&quot;:&quot;inherit&quot;,&quot;_ob_postman_use&quot;:&quot;no&quot;,&quot;_ob_perspektive_use&quot;:&quot;no&quot;,&quot;_ob_poopart_use&quot;:&quot;yes&quot;,&quot;_ob_shadough_use&quot;:&quot;no&quot;,&quot;_ob_allow_hoveranimator&quot;:&quot;no&quot;,&quot;_ob_widget_stalker_use&quot;:&quot;no&quot;}\" data-widget_type=\"text-editor.default\">\n\t\t\t\t<div class=\"elementor-widget-container\">\n\t\t\t\t\t\t\t\t\t<h3>Bienestar y Spa<\/h3>\n<ul>\n<li>Elegante zona de bienestar con garant\u00eda de relajaci\u00f3n<\/li>\n<li>Sauna finlandesa con infusi\u00f3n de hierbas<\/li>\n<li>Ba\u00f1o de vapor romano<\/li>\n<li>Ba\u00f1o de pies tonificante<\/li>\n<li>Cabinas de infrarrojos vitalizadoras<\/li>\n<li>Relajante ba\u00f1era de hidromasaje<\/li>\n<li>Sala de relajaci\u00f3n con zumos frescos, t\u00e9 y bar de frutas<\/li>\n<li>Tratamientos de masaje relajantes<\/li>\n<li>Suaves toallas de ba\u00f1o en toda la zona de bienestar<\/li>\n<\/ul>\n\t\t\t\t\t\t\t\t<\/div>\n\t\t\t\t<\/div>\n\t\t\t\t<div class=\"elementor-element elementor-element-22d656f ob-harakiri-inherit ob-has-background-overlay elementor-widget elementor-widget-text-editor\" data-id=\"22d656f\" data-element_type=\"widget\" data-e-type=\"widget\" data-settings=\"{&quot;_ob_use_harakiri&quot;:&quot;yes&quot;,&quot;_ob_harakiri_writing_mode&quot;:&quot;inherit&quot;,&quot;_ob_postman_use&quot;:&quot;no&quot;,&quot;_ob_perspektive_use&quot;:&quot;no&quot;,&quot;_ob_poopart_use&quot;:&quot;yes&quot;,&quot;_ob_shadough_use&quot;:&quot;no&quot;,&quot;_ob_allow_hoveranimator&quot;:&quot;no&quot;,&quot;_ob_widget_stalker_use&quot;:&quot;no&quot;}\" data-widget_type=\"text-editor.default\">\n\t\t\t\t<div class=\"elementor-widget-container\">\n\t\t\t\t\t\t\t\t\t<h3>Alrededor del esqu\u00ed<\/h3><ul><li>Hotel de esqu\u00ed directamente en las pistas, con ski in &#8211; ski out<\/li><li>Posibilidad de expedir y pedir previamente los forfaits en la recepci\u00f3n<\/li><li>Moderna bodega de esqu\u00eds equipada con su propio compartimento y calentador de botas de esqu\u00ed para cada hu\u00e9sped<\/li><li>Viaja ligero: el alquiler de esqu\u00eds, tablas de snowboard, esqu\u00eds de fondo o esqu\u00eds de traves\u00eda de nuestro socio \u201e<a href=\"https:\/\/www.sportbraendle.at\/\" target=\"_blank\" rel=\"noopener\">Friendly Br\u00e4ndle<\/a>\u201c<\/li><li>Servicio de esqu\u00ed nocturno &#8211; \u00a1Durante la noche sus esqu\u00eds estar\u00e1n como nuevos!<\/li><li><a href=\"https:\/\/www.skischule-zuers.at\/\" target=\"_blank\" rel=\"noopener\">Escuela de esqu\u00ed Z\u00fcrs<\/a> directamente al lado para cursos de grupo o instructores de esqu\u00ed privados<\/li><li>Consejos de tu anfitri\u00f3n sobre las mejores rutas de esqu\u00ed<\/li><\/ul>\t\t\t\t\t\t\t\t<\/div>\n\t\t\t\t<\/div>\n\t\t\t\t\t<\/div>\n\t\t<\/div>\n\t\t\t\t<div class=\"elementor-column elementor-col-25 elementor-top-column elementor-element elementor-element-8168229\" data-id=\"8168229\" data-element_type=\"column\" data-e-type=\"column\" data-settings=\"{&quot;_ob_bbad_is_stalker&quot;:&quot;no&quot;,&quot;_ob_teleporter_use&quot;:false,&quot;_ob_column_hoveranimator&quot;:&quot;no&quot;,&quot;_ob_column_has_pseudo&quot;:&quot;no&quot;}\">\n\t\t\t<div class=\"elementor-widget-wrap elementor-element-populated\">\n\t\t\t\t\t\t<div class=\"elementor-element elementor-element-467e13c ob-harakiri-inherit ob-has-background-overlay elementor-widget elementor-widget-text-editor\" data-id=\"467e13c\" data-element_type=\"widget\" data-e-type=\"widget\" data-settings=\"{&quot;_ob_use_harakiri&quot;:&quot;yes&quot;,&quot;_ob_harakiri_writing_mode&quot;:&quot;inherit&quot;,&quot;_ob_postman_use&quot;:&quot;no&quot;,&quot;_ob_perspektive_use&quot;:&quot;no&quot;,&quot;_ob_poopart_use&quot;:&quot;yes&quot;,&quot;_ob_shadough_use&quot;:&quot;no&quot;,&quot;_ob_allow_hoveranimator&quot;:&quot;no&quot;,&quot;_ob_widget_stalker_use&quot;:&quot;no&quot;}\" data-widget_type=\"text-editor.default\">\n\t\t\t\t<div class=\"elementor-widget-container\">\n\t\t\t\t\t\t\t\t\t<h3>Familias y ni\u00f1os<\/h3><ul><li>Sala de juegos para ni\u00f1os con rinc\u00f3n de juegos y cine infantil<\/li><li>Programa infantil supervisado para ni\u00f1os de grupos de juego (2 &#8211; 3 a\u00f1os) y guarder\u00eda de esqu\u00ed (3 &#8211; 6 a\u00f1os) en el <a href=\"https:\/\/www.kinderclub-lech.at\/betreuung-in-zuers\/programm-und-aktivitaeten\/?L=0\" target=\"_blank\" rel=\"noopener\">Kinderclub Z\u00fcrs<\/a>\u00a0<\/li><li><a href=\"https:\/\/www.skischule-zuers.at\/\" target=\"_blank\" rel=\"noopener\">Escuela de esqu\u00ed para ni\u00f1os de Z\u00fcrs<\/a> la puerta de al lado\u00a0<\/li><li>Cena en la \u00abmesa de los ni\u00f1os\u00bb en el restaurante a partir de las 18:00<\/li><li>Para los m\u00e1s peque\u00f1os estamos encantados de proporcionarles gratuitamente: Cuna, trona, cambiador, pa\u00f1alera, hervidor de agua. Si lo desea, podemos organizar una ni\u00f1era para usted.<\/li><\/ul>\t\t\t\t\t\t\t\t<\/div>\n\t\t\t\t<\/div>\n\t\t\t\t<div class=\"elementor-element elementor-element-d610262 ob-harakiri-inherit ob-has-background-overlay elementor-widget elementor-widget-text-editor\" data-id=\"d610262\" data-element_type=\"widget\" data-e-type=\"widget\" data-settings=\"{&quot;_ob_use_harakiri&quot;:&quot;yes&quot;,&quot;_ob_harakiri_writing_mode&quot;:&quot;inherit&quot;,&quot;_ob_postman_use&quot;:&quot;no&quot;,&quot;_ob_perspektive_use&quot;:&quot;no&quot;,&quot;_ob_poopart_use&quot;:&quot;yes&quot;,&quot;_ob_shadough_use&quot;:&quot;no&quot;,&quot;_ob_allow_hoveranimator&quot;:&quot;no&quot;,&quot;_ob_widget_stalker_use&quot;:&quot;no&quot;}\" data-widget_type=\"text-editor.default\">\n\t\t\t\t<div class=\"elementor-widget-container\">\n\t\t\t\t\t\t\t\t\t<h3>Los Extras de Ulli<\/h3>\n<ul>\n<li>Servicio de transporte gratuito desde y hacia la estaci\u00f3n de tren de Langen o St. Anton am Arlberg<\/li>\n<li>Traslado al aeropuerto a trav\u00e9s de nuestro socio \u201e<a href=\"https:\/\/arlbergexpress.com\/de\/\" target=\"_blank\" rel=\"noopener\">Arlberg Express<\/a>\u201c\u00a0<\/li>\n<li>Mapa de la gu\u00eda de esqu\u00ed y monta\u00f1a, mapas de ubicaci\u00f3n del Arlberg, as\u00ed como numeroso material informativo sobre los destinos de las excursiones y las atracciones<\/li>\n<li>Programa de actividades variado (excursi\u00f3n con raquetas de nieve, excursi\u00f3n con antorchas, curling)<\/li>\n<li>Alquiler de raquetas de nieve y bastones de senderismo de alta calidad<\/li>\n<li>Asesoramiento personal e individual en la recepci\u00f3n<\/li>\n<\/ul>\n\t\t\t\t\t\t\t\t<\/div>\n\t\t\t\t<\/div>\n\t\t\t\t<div class=\"elementor-element elementor-element-3a44815 ob-harakiri-inherit ob-has-background-overlay elementor-widget elementor-widget-text-editor\" data-id=\"3a44815\" data-element_type=\"widget\" data-e-type=\"widget\" data-settings=\"{&quot;_ob_use_harakiri&quot;:&quot;yes&quot;,&quot;_ob_harakiri_writing_mode&quot;:&quot;inherit&quot;,&quot;_ob_postman_use&quot;:&quot;no&quot;,&quot;_ob_perspektive_use&quot;:&quot;no&quot;,&quot;_ob_poopart_use&quot;:&quot;yes&quot;,&quot;_ob_shadough_use&quot;:&quot;no&quot;,&quot;_ob_allow_hoveranimator&quot;:&quot;no&quot;,&quot;_ob_widget_stalker_use&quot;:&quot;no&quot;}\" data-widget_type=\"text-editor.default\">\n\t\t\t\t<div class=\"elementor-widget-container\">\n\t\t\t\t\t\t\t\t\t<h3>Y adem\u00e1s&#8230;<\/h3>\n<ul>\n<li>muchos detalles de cari\u00f1o en todo el hotel<\/li>\n<li>ambiente personal y familiar<\/li>\n<li>servicio individual en todas las \u00e1reas<\/li>\n<li>mucho aire fresco de monta\u00f1a, tranquilidad, naturaleza pura del Arlberg<\/li>\n<li>punto de partida \u00f3ptimo para su jornada de esqu\u00ed o senderismo invernal<\/li>\n<\/ul>\n\t\t\t\t\t\t\t\t<\/div>\n\t\t\t\t<\/div>\n\t\t\t\t\t<\/div>\n\t\t<\/div>\n\t\t\t\t<div class=\"elementor-column elementor-col-25 elementor-top-column elementor-element elementor-element-6d5a973\" data-id=\"6d5a973\" data-element_type=\"column\" data-e-type=\"column\" data-settings=\"{&quot;_ob_bbad_is_stalker&quot;:&quot;no&quot;,&quot;_ob_teleporter_use&quot;:false,&quot;_ob_column_hoveranimator&quot;:&quot;no&quot;,&quot;_ob_column_has_pseudo&quot;:&quot;no&quot;}\">\n\t\t\t<div class=\"elementor-widget-wrap elementor-element-populated\">\n\t\t\t\t\t\t<div class=\"elementor-element elementor-element-227d9a8 ob-has-background-overlay elementor-widget elementor-widget-button\" data-id=\"227d9a8\" data-element_type=\"widget\" data-e-type=\"widget\" data-settings=\"{&quot;_ob_butterbutton_use_it&quot;:&quot;no&quot;,&quot;_ob_perspektive_use&quot;:&quot;no&quot;,&quot;_ob_poopart_use&quot;:&quot;yes&quot;,&quot;_ob_shadough_use&quot;:&quot;no&quot;,&quot;_ob_allow_hoveranimator&quot;:&quot;no&quot;,&quot;_ob_widget_stalker_use&quot;:&quot;no&quot;}\" data-widget_type=\"button.default\">\n\t\t\t\t<div class=\"elementor-widget-container\">\n\t\t\t\t\t\t\t\t\t<div class=\"elementor-button-wrapper\">\n\t\t\t\t\t<a class=\"elementor-button elementor-button-link elementor-size-sm\" href=\"https:\/\/www.hotel-ulli.at\/de\/hotel\/allgemeine-hinweise\/\">\n\t\t\t\t\t\t<span class=\"elementor-button-content-wrapper\">\n\t\t\t\t\t\t\t\t\t<span class=\"elementor-button-text\">Tenga tambi\u00e9n en cuenta nuestra informaci\u00f3n general<\/span>\n\t\t\t\t\t<\/span>\n\t\t\t\t\t<\/a>\n\t\t\t\t<\/div>\n\t\t\t\t\t\t\t\t<\/div>\n\t\t\t\t<\/div>\n\t\t\t\t\t<\/div>\n\t\t<\/div>\n\t\t\t\t\t<\/div>\n\t\t<\/section>\n\t\t\t\t<\/div>\n\t\t","protected":false},"excerpt":{"rendered":"<p>Beneficios que sorprenden Servicios incluidos Culinaria Abundante desayuno buffet con una amplia selecci\u00f3n de productos regionales para un d\u00eda lleno de energ\u00eda en las pistas. Diario de 7:30 a 10:00 h Refrigerio contundente para esquiadores con platos que cambian diariamente y una selecci\u00f3n de pasteles y ensaladas. Diario de 15:00 a 16:30 h Programa culinario [&hellip;]<\/p>\n","protected":false},"author":1,"featured_media":0,"parent":4485,"menu_order":0,"comment_status":"closed","ping_status":"closed","template":"","meta":{"_acf_changed":false,"_seopress_robots_primary_cat":"","_seopress_titles_title":"Servicios incluidos | Hotel Ulli ","_seopress_titles_desc":"Descubre todos los servicios incluidos \u2714Culinaria \u2714Familias y ni\u00f1os \u2714Bienestar y Spa \u2714Esquiar \u25b6 Ver servicios incluidos","_seopress_robots_index":"","site-sidebar-layout":"no-sidebar","site-content-layout":"page-builder","ast-site-content-layout":"default","site-content-style":"default","site-sidebar-style":"default","ast-global-header-display":"","ast-banner-title-visibility":"","ast-main-header-display":"","ast-hfb-above-header-display":"","ast-hfb-below-header-display":"","ast-hfb-mobile-header-display":"","site-post-title":"disabled","ast-breadcrumbs-content":"","ast-featured-img":"disabled","footer-sml-layout":"","ast-disable-related-posts":"","theme-transparent-header-meta":"default","adv-header-id-meta":"","stick-header-meta":"","header-above-stick-meta":"","header-main-stick-meta":"","header-below-stick-meta":"","astra-migrate-meta-layouts":"default","ast-page-background-enabled":"default","ast-page-background-meta":{"desktop":{"background-color":"","background-image":"","background-repeat":"repeat","background-position":"center center","background-size":"auto","background-attachment":"scroll","background-type":"","background-media":"","overlay-type":"","overlay-color":"","overlay-opacity":"","overlay-gradient":""},"tablet":{"background-color":"","background-image":"","background-repeat":"repeat","background-position":"center center","background-size":"auto","background-attachment":"scroll","background-type":"","background-media":"","overlay-type":"","overlay-color":"","overlay-opacity":"","overlay-gradient":""},"mobile":{"background-color":"","background-image":"","background-repeat":"repeat","background-position":"center center","background-size":"auto","background-attachment":"scroll","background-type":"","background-media":"","overlay-type":"","overlay-color":"","overlay-opacity":"","overlay-gradient":""}},"ast-content-background-meta":{"desktop":{"background-color":"var(--ast-global-color-5)","background-image":"","background-repeat":"repeat","background-position":"center center","background-size":"auto","background-attachment":"scroll","background-type":"","background-media":"","overlay-type":"","overlay-color":"","overlay-opacity":"","overlay-gradient":""},"tablet":{"background-color":"var(--ast-global-color-5)","background-image":"","background-repeat":"repeat","background-position":"center center","background-size":"auto","background-attachment":"scroll","background-type":"","background-media":"","overlay-type":"","overlay-color":"","overlay-opacity":"","overlay-gradient":""},"mobile":{"background-color":"var(--ast-global-color-5)","background-image":"","background-repeat":"repeat","background-position":"center center","background-size":"auto","background-attachment":"scroll","background-type":"","background-media":"","overlay-type":"","overlay-color":"","overlay-opacity":"","overlay-gradient":""}},"footnotes":""},"class_list":["post-4552","page","type-page","status-publish","hentry"],"acf":[],"_links":{"self":[{"href":"https:\/\/www.hotel-ulli.at\/es\/wp-json\/wp\/v2\/pages\/4552","targetHints":{"allow":["GET"]}}],"collection":[{"href":"https:\/\/www.hotel-ulli.at\/es\/wp-json\/wp\/v2\/pages"}],"about":[{"href":"https:\/\/www.hotel-ulli.at\/es\/wp-json\/wp\/v2\/types\/page"}],"author":[{"embeddable":true,"href":"https:\/\/www.hotel-ulli.at\/es\/wp-json\/wp\/v2\/users\/1"}],"replies":[{"embeddable":true,"href":"https:\/\/www.hotel-ulli.at\/es\/wp-json\/wp\/v2\/comments?post=4552"}],"version-history":[{"count":18,"href":"https:\/\/www.hotel-ulli.at\/es\/wp-json\/wp\/v2\/pages\/4552\/revisions"}],"predecessor-version":[{"id":13728,"href":"https:\/\/www.hotel-ulli.at\/es\/wp-json\/wp\/v2\/pages\/4552\/revisions\/13728"}],"up":[{"embeddable":true,"href":"https:\/\/www.hotel-ulli.at\/es\/wp-json\/wp\/v2\/pages\/4485"}],"wp:attachment":[{"href":"https:\/\/www.hotel-ulli.at\/es\/wp-json\/wp\/v2\/media?parent=4552"}],"curies":[{"name":"wp","href":"https:\/\/api.w.org\/{rel}","templated":true}]}}